{"id":303,"date":"2010-01-21T10:39:31","date_gmt":"2010-01-21T09:39:31","guid":{"rendered":"http:\/\/www.gazetebayern.de\/?page_id=303"},"modified":"2010-03-10T04:10:26","modified_gmt":"2010-03-10T03:10:26","slug":"seri-ilanlar","status":"publish","type":"page","link":"https:\/\/www.gazetealmanci.de\/?page_id=303","title":{"rendered":"\u015e\u0130\u0130RLERN\u0130Z"},"content":{"rendered":"<p><img loading=\"lazy\" class=\"alignleft size-full wp-image-485\" title=\"siir_01\" src=\"http:\/\/www.gazetebayern.de\/wp-content\/uploads\/2010\/01\/siir_011.jpg\" alt=\"siir_01\" width=\"247\" height=\"613\" \/><\/p>\n","protected":false},"excerpt":{"rendered":"","protected":false},"author":2,"featured_media":0,"parent":0,"menu_order":0,"comment_status":"open","ping_status":"open","template":"","meta":[],"_links":{"self":[{"href":"https:\/\/www.gazetealmanci.de\/index.php?rest_route=\/wp\/v2\/pages\/303"}],"collection":[{"href":"https:\/\/www.gazetealmanci.de\/index.php?rest_route=\/wp\/v2\/pages"}],"about":[{"href":"https:\/\/www.gazetealmanci.de\/index.php?rest_route=\/wp\/v2\/types\/page"}],"author":[{"embeddable":true,"href":"https:\/\/www.gazetealmanci.de\/index.php?rest_route=\/wp\/v2\/users\/2"}],"replies":[{"embeddable":true,"href":"https:\/\/www.gazetealmanci.de\/index.php?rest_route=%2Fwp%2Fv2%2Fcomments&post=303"}],"version-history":[{"count":7,"href":"https:\/\/www.gazetealmanci.de\/index.php?rest_route=\/wp\/v2\/pages\/303\/revisions"}],"predecessor-version":[{"id":483,"href":"https:\/\/www.gazetealmanci.de\/index.php?rest_route=\/wp\/v2\/pages\/303\/revisions\/483"}],"wp:attachment":[{"href":"https:\/\/www.gazetealmanci.de\/index.php?rest_route=%2Fwp%2Fv2%2Fmedia&parent=303"}],"curies":[{"name":"wp","href":"https:\/\/api.w.org\/{rel}","templated":true}]}}