{"id":201,"date":"2010-01-02T10:44:40","date_gmt":"2010-01-02T09:44:40","guid":{"rendered":"http:\/\/www.gazetebayern.de\/?page_id=201"},"modified":"2010-06-28T20:27:13","modified_gmt":"2010-06-28T19:27:13","slug":"restaurant","status":"publish","type":"page","link":"https:\/\/www.gazetealmanci.de\/?page_id=201","title":{"rendered":"RESTAURANT"},"content":{"rendered":"<h1><span style=\"color: #ff0000;\">A\u0130LECEK RAHAT EDECE\u011e\u0130N\u0130Z ORTAMLAR<\/span><\/h1>\n<p><span style=\"color: #ff0000;\"> <\/span><\/p>\n<p><span style=\"color: #ff0000;\"> <\/span><\/p>\n<p><span style=\"color: #ff0000;\"> <\/span><\/p>\n<p><span style=\"color: #ff0000;\"> <\/span><\/p>\n<p><span style=\"color: #ff0000;\"> <\/span><\/p>\n<p><span style=\"color: #ff0000;\"> <\/span><\/p>\n<p><span style=\"color: #ff0000;\"> <\/span><\/p>\n<p><span style=\"color: #ff0000;\"> <\/span><\/p>\n","protected":false},"excerpt":{"rendered":"<p>A\u0130LECEK RAHAT EDECE\u011e\u0130N\u0130Z ORTAMLAR<\/p>\n","protected":false},"author":2,"featured_media":0,"parent":0,"menu_order":0,"comment_status":"open","ping_status":"open","template":"","meta":[],"_links":{"self":[{"href":"https:\/\/www.gazetealmanci.de\/index.php?rest_route=\/wp\/v2\/pages\/201"}],"collection":[{"href":"https:\/\/www.gazetealmanci.de\/index.php?rest_route=\/wp\/v2\/pages"}],"about":[{"href":"https:\/\/www.gazetealmanci.de\/index.php?rest_route=\/wp\/v2\/types\/page"}],"author":[{"embeddable":true,"href":"https:\/\/www.gazetealmanci.de\/index.php?rest_route=\/wp\/v2\/users\/2"}],"replies":[{"embeddable":true,"href":"https:\/\/www.gazetealmanci.de\/index.php?rest_route=%2Fwp%2Fv2%2Fcomments&post=201"}],"version-history":[{"count":11,"href":"https:\/\/www.gazetealmanci.de\/index.php?rest_route=\/wp\/v2\/pages\/201\/revisions"}],"predecessor-version":[{"id":902,"href":"https:\/\/www.gazetealmanci.de\/index.php?rest_route=\/wp\/v2\/pages\/201\/revisions\/902"}],"wp:attachment":[{"href":"https:\/\/www.gazetealmanci.de\/index.php?rest_route=%2Fwp%2Fv2%2Fmedia&parent=201"}],"curies":[{"name":"wp","href":"https:\/\/api.w.org\/{rel}","templated":true}]}}